{"id":2,"date":"2019-06-12T15:11:15","date_gmt":"2019-06-12T15:11:15","guid":{"rendered":"https:\/\/ostseeurlaub-in-karlshagen.de\/?page_id=2"},"modified":"2026-05-06T18:32:33","modified_gmt":"2026-05-06T18:32:33","slug":"blegung-preise","status":"publish","type":"page","link":"https:\/\/ostseeurlaub-in-karlshagen.de\/index.php\/blegung-preise\/","title":{"rendered":"Verf\u00fcgbarkeiten und Preise"},"content":{"rendered":"\n<p><\/p>\n\n\n\n<h5 class=\"wp-block-heading has-text-align-left\">Verf\u00fcgbarkeit Erdgeschoss<\/h5>\n\n\n\n<p class=\"has-text-align-left\"><a href=\"https:\/\/www.ostsee-reisen.de\/homepage\/101166\/ferienwohnungen\/1903.html\">Direktbuchung Erdgeschoss<\/a> \u00fcber Ostsee-Reisen.de<\/p>\n\n\n\n<div style=\"min-width: 330px; max-width: 520px; background: rgba(255, 255,255, 1);\"><iframe id=\"apartment-1903\" style=\"width: 100%;\" src=\"https:\/\/www.ostsee-reisen.de\/api\/availability-calendar\/v2\/apartment\/1903.html\" scrolling=\"no\" frameborder=\"0\">\n     Ihr Browser unterst\u00fctzt Inlineframes nicht oder zeigt sie in der derzeitigen Konfiguration nicht an.\n  <\/iframe> <script>\n window.addEventListener(\"message\", function (e) {if (e.data.type === \"ostseereisen_calendar_height\" && e.data.height === parseInt(e.data.height) && e.origin === \"https:\/\/www.ostsee-reisen.de\") {document.getElementById('apartment-1903').height = e.data.height + \"px\";}});\n     <\/script><\/div>\n\n\n\n<hr class=\"wp-block-separator has-alpha-channel-opacity\"\/>\n\n\n\n<h5 class=\"wp-block-heading has-text-align-left\">Verf\u00fcgbarkeit Obergeschoss<\/h5>\n\n\n\n<p class=\"has-text-align-left\"><a href=\"https:\/\/www.ostsee-reisen.de\/homepage\/101166\/ferienwohnungen\/1902.html\">Direktbuchung Obergeschoss<\/a><strong> <\/strong>\u00fcber Ostsee-Reisen.de<\/p>\n\n\n\n<div style=\"min-width: 330px; max-width: 520px; background: rgba(255, 255,255, 1);\"><iframe id=\"apartment-1902\" style=\"width: 100%;\" src=\"https:\/\/www.ostsee-reisen.de\/api\/availability-calendar\/v2\/apartment\/1902.html\" scrolling=\"no\" frameborder=\"0\">\n     Ihr Browser unterst\u00fctzt Inlineframes nicht oder zeigt sie in der derzeitigen Konfiguration nicht an.\n  <\/iframe> <script>\n window.addEventListener(\"message\", function (e) {if (e.data.type === \"ostseereisen_calendar_height\" && e.data.height === parseInt(e.data.height) && e.origin === \"https:\/\/www.ostsee-reisen.de\") {document.getElementById('apartment-1902').height = e.data.height + \"px\";}});\n     <\/script><\/div>\n\n\n\n<p class=\"has-text-align-left\"><strong>Bei Interesse an einer Buchung oder Fragen k\u00f6nnen Sie uns <a href=\"https:\/\/ostseeurlaub-in-karlshagen.de\/index.php\/kontakt\/\">hier<\/a> kontaktieren.<\/strong><\/p>\n\n\n\n<hr class=\"wp-block-separator has-css-opacity\"\/>\n\n\n\n<h5 class=\"wp-block-heading has-text-align-left\">Preise <\/h5>\n\n\n\n<div class=\"wp-block-group\"><div class=\"wp-block-group__inner-container is-layout-constrained wp-block-group-is-layout-constrained\">\n<div class=\"wp-block-group\"><div class=\"wp-block-group__inner-container is-layout-constrained wp-block-group-is-layout-constrained\">\n<div class=\"wp-block-columns is-layout-flex wp-container-core-columns-is-layout-9d6595d7 wp-block-columns-is-layout-flex\">\n<div class=\"wp-block-column is-layout-flow wp-block-column-is-layout-flow\" style=\"flex-basis:100%\">\n<div class=\"wp-block-columns is-layout-flex wp-container-core-columns-is-layout-9d6595d7 wp-block-columns-is-layout-flex\">\n<div class=\"wp-block-column is-layout-flow wp-block-column-is-layout-flow\" style=\"flex-basis:100%\">\n<figure class=\"wp-block-table alignleft is-style-stripes\"><table><tbody><tr><td class=\"has-text-align-left\" data-align=\"left\">&nbsp;<\/td><td><\/td><td class=\"has-text-align-center\" data-align=\"center\"><strong>Erdgeschoss <\/strong><br>max. 3 Pers.**<\/td><td><strong>Obergeschoss <\/strong><br>max. 3 Pers.**<\/td><\/tr><tr><td class=\"has-text-align-left\" data-align=\"left\"><strong>Zeitraum<\/strong><\/td><td><\/td><td class=\"has-text-align-center\" data-align=\"center\"><strong>Euro <\/strong>*<\/td><td><strong>Euro <\/strong>*<\/td><\/tr><tr><td class=\"has-text-align-left\" data-align=\"left\"><strong>2026<\/strong><\/td><td><\/td><td class=\"has-text-align-center\" data-align=\"center\"><\/td><td><\/td><\/tr><tr><td class=\"has-text-align-left\" data-align=\"left\">20.04. &#8211; 29.04. <\/td><td><\/td><td class=\"has-text-align-center\" data-align=\"center\"><strong>55<\/strong><\/td><td><strong>50<\/strong><\/td><\/tr><tr><td class=\"has-text-align-left\" data-align=\"left\">30.04. &#8211; 03.05.<\/td><td><\/td><td class=\"has-text-align-center\" data-align=\"center\"><strong>75<\/strong><\/td><td><strong>70<\/strong><\/td><\/tr><tr><td class=\"has-text-align-left\" data-align=\"left\">04.05. &#8211; 12.05.<\/td><td><\/td><td class=\"has-text-align-center\" data-align=\"center\"><strong>80<\/strong><\/td><td><strong>75<\/strong><\/td><\/tr><tr><td class=\"has-text-align-left\" data-align=\"left\">13.05. &#8211; 24.09.<\/td><td><\/td><td class=\"has-text-align-center\" data-align=\"center\"><strong>95<\/strong><\/td><td><strong>90<\/strong><\/td><\/tr><tr><td class=\"has-text-align-left\" data-align=\"left\">25.09. &#8211; 08.10.<\/td><td><\/td><td class=\"has-text-align-center\" data-align=\"center\"><strong>65<\/strong><\/td><td><strong>60<\/strong><\/td><\/tr><tr><td class=\"has-text-align-left\" data-align=\"left\">09.10. &#8211; 01.11.<\/td><td><\/td><td class=\"has-text-align-center\" data-align=\"center\"><strong>75<\/strong><\/td><td><strong>70<\/strong><\/td><\/tr><tr><td class=\"has-text-align-left\" data-align=\"left\">02.11. &#8211; 19.12.<\/td><td><\/td><td class=\"has-text-align-center\" data-align=\"center\"><strong>50<\/strong><\/td><td><strong>45<\/strong><\/td><\/tr><tr><td class=\"has-text-align-left\" data-align=\"left\">20.12. &#8211; 07.01.<\/td><td><\/td><td class=\"has-text-align-center\" data-align=\"center\"><strong>95<\/strong><\/td><td><strong>90<\/strong><\/td><\/tr><tr><td class=\"has-text-align-left\" data-align=\"left\"><strong>2027<\/strong><\/td><td><\/td><td class=\"has-text-align-center\" data-align=\"center\"><\/td><td><\/td><\/tr><tr><td class=\"has-text-align-left\" data-align=\"left\">ab 08.01.<\/td><td><\/td><td class=\"has-text-align-center\" data-align=\"center\"><\/td><td><\/td><\/tr><\/tbody><\/table><\/figure>\n<\/div>\n<\/div>\n<\/div>\n\n\n\n<div class=\"wp-block-column is-layout-flow wp-block-column-is-layout-flow\"><\/div>\n<\/div>\n\n\n\n<p class=\"has-text-align-left\">*alle Preise pro \u00dcbernachtung zzgl. Endreinigung von 60 Euro pro Ferienwohnung<br>** eine weitere Person \/ Kind m\u00f6glich auf Anfrage &#8211; zzgl. 10 Euro pro \u00dcbernachtung<\/p>\n\n\n\n<hr class=\"wp-block-separator has-alpha-channel-opacity\"\/>\n<\/div><\/div>\n<\/div><\/div>\n\n\n\n<p><\/p>\n","protected":false},"excerpt":{"rendered":"<p>Verf\u00fcgbarkeit Erdgeschoss Direktbuchung Erdgeschoss \u00fcber Ostsee-Reisen.de Ihr Browser unterst\u00fctzt Inlineframes nicht oder zeigt sie in der derzeitigen Konfiguration nicht an.&hellip;<\/p>\n","protected":false},"author":1,"featured_media":0,"parent":0,"menu_order":0,"comment_status":"closed","ping_status":"closed","template":"","meta":{"footnotes":""},"class_list":["post-2","page","type-page","status-publish","hentry"],"_links":{"self":[{"href":"https:\/\/ostseeurlaub-in-karlshagen.de\/index.php\/wp-json\/wp\/v2\/pages\/2","targetHints":{"allow":["GET"]}}],"collection":[{"href":"https:\/\/ostseeurlaub-in-karlshagen.de\/index.php\/wp-json\/wp\/v2\/pages"}],"about":[{"href":"https:\/\/ostseeurlaub-in-karlshagen.de\/index.php\/wp-json\/wp\/v2\/types\/page"}],"author":[{"embeddable":true,"href":"https:\/\/ostseeurlaub-in-karlshagen.de\/index.php\/wp-json\/wp\/v2\/users\/1"}],"replies":[{"embeddable":true,"href":"https:\/\/ostseeurlaub-in-karlshagen.de\/index.php\/wp-json\/wp\/v2\/comments?post=2"}],"version-history":[{"count":137,"href":"https:\/\/ostseeurlaub-in-karlshagen.de\/index.php\/wp-json\/wp\/v2\/pages\/2\/revisions"}],"predecessor-version":[{"id":2175,"href":"https:\/\/ostseeurlaub-in-karlshagen.de\/index.php\/wp-json\/wp\/v2\/pages\/2\/revisions\/2175"}],"wp:attachment":[{"href":"https:\/\/ostseeurlaub-in-karlshagen.de\/index.php\/wp-json\/wp\/v2\/media?parent=2"}],"curies":[{"name":"wp","href":"https:\/\/api.w.org\/{rel}","templated":true}]}}