{"id":86,"date":"2020-02-16T18:33:34","date_gmt":"2020-02-16T18:33:34","guid":{"rendered":"https:\/\/ostseeurlaub-in-karlshagen.de\/?page_id=86"},"modified":"2020-03-31T13:16:16","modified_gmt":"2020-03-31T13:16:16","slug":"datenschutz","status":"publish","type":"page","link":"https:\/\/ostseeurlaub-in-karlshagen.de\/index.php\/kontakt\/datenschutz\/","title":{"rendered":"Datenschutz"},"content":{"rendered":"\n<p><strong>Grundlegendes<\/strong><\/p>\n\n\n\n<p>Diese Datenschutzerkl\u00e4rung informiert Sie als Nutzer dieser Website \u00fcber die Art, den Umfang und den Zweck der Erhebung und die Verwendung personenbezogener Daten.<\/p>\n\n\n\n<p>Personenbezogenen Daten werden vertraulich und entsprechend der gesetzlichen Vorschriften behandelt. <\/p>\n\n\n\n<p><strong>Webseitenbetreiber<\/strong><\/p>\n\n\n\n<p>A. Neumann und A. Keiser<br>Lindenstra\u00dfe 13 A<br>99198 M\u00f6nchenholzhausen<br>Tel. 036203 51086<br>E-Mail: ferienhaus-karlshagen@web.de<\/p>\n\n\n\n<p><strong>Zugriffsdaten<\/strong><\/p>\n\n\n\n<p>WordPress als Seitenprovider erhebt Daten \u00fcber Zugriffe auf die Website und speichert diese als \u201eServer-Logfiles\u201c auf dem Server der Website ab. Folgende Daten werden protokolliert:<\/p>\n\n\n\n<ul class=\"wp-block-list\"><li>Besuchte Website<\/li><li>Uhrzeit zum Zeitpunkt des Zugriffs<\/li><li>Menge der gesendeten Daten in Byte<\/li><li>Quelle\/Verweis, von welchem Sie auf die Seite gelangten<\/li><li>Verwendeter Browser<\/li><li>Verwendetes Betriebssystem<\/li><li>Verwendete IP-Adresse<\/li><\/ul>\n\n\n\n<p>Die Server-Logfiles werden f\u00fcr maximal 7 Tage gespeichert und anschlie\u00dfend gel\u00f6scht. Die Speicherung der Daten erfolgt aus Sicherheitsgr\u00fcnden, um z.B. Missbrauchsf\u00e4lle aufkl\u00e4ren zu k\u00f6nnen. M\u00fcssen Daten aus Beweisgr\u00fcnden aufgehoben werden, sind sie solange von der L\u00f6schung ausgenommen bis der Vorfall endg\u00fcltig gekl\u00e4rt ist.<\/p>\n\n\n\n<p><strong>Reichweitenmessung &amp; Cookies<\/strong><\/p>\n\n\n\n<p>Diese Website verwendet Cookies zur Reichweitenmessung, die entweder vom Server von WordPress oder dem Server Dritter an den Browser des Nutzers \u00fcbertragen werden. Bei Cookies handelt es sich um Dateien, die auf Ihrem Endger\u00e4t gespeichert werden. Ihr Browser greift auf diese Dateien zu. Durch den Einsatz von Cookies erh\u00f6ht sich die Benutzerfreundlichkeit und Sicherheit von Webseiten.<\/p>\n\n\n\n<p>Falls Sie nicht m\u00f6chten, dass Cookies zur Reichweitenmessung auf Ihrem Endger\u00e4t gespeichert werden, k\u00f6nnen Sie hier widersprechen:<\/p>\n\n\n\n<ul class=\"wp-block-list\"><li>Cookie-<a rel=\"noreferrer noopener\" href=\"http:\/\/optout.networkadvertising.org\/?c=1#!\/\" target=\"_blank\">Deaktivierungsseite<\/a> der Netzwerkwerbeinitiative<\/li><li>Cookie-<a rel=\"noreferrer noopener\" href=\"http:\/\/optout.networkadvertising.org\/?c=1#!\/\" target=\"_blank\">Deaktivierungsseite<\/a> der europ\u00e4ischen Website<\/li><\/ul>\n\n\n\n<p>G\u00e4ngige Browser bieten die Einstellungsoption, Cookies nicht zuzulassen. Hinweis: Es ist nicht gew\u00e4hrleistet, dass Sie auf alle Funktionen dieser Website ohne Einschr\u00e4nkungen zugreifen k\u00f6nnen, wenn Sie entsprechende Einstellungen vornehmen.<\/p>\n\n\n\n<p><strong>Erfassung und Verarbeitung personenbezogener Daten<\/strong><\/p>\n\n\n\n<p>Die Websitebetreiber selbst erheben, nutzen und geben Ihre personenbezogenen Daten nur dann weiter, wenn dies im gesetzlichen Rahmen erlaubt ist oder Sie in der Datenerhebung zustimmen.<\/p>\n\n\n\n<p>Als personenbezogene Daten gelten s\u00e4mtliche Informationen, die dazu dienen, Ihre Person zu bestimmen und welche zu Ihnen zur\u00fcckverfolgt werden k\u00f6nnen \u2013 also beispielsweise Ihr Name, Ihre E-Mail-Adresse und Telefonnummer.<\/p>\n\n\n\n<p>Diese Website k\u00f6nnen Sie besuchen, ohne Angaben zu Ihrer Person zu machen. Zur Verbesserung des Online-Angebotes speichert WordPress jedoch (ohne Personenbezug) Ihre Zugriffsdaten auf diese Website. Zu diesen Zugriffsdaten geh\u00f6ren z.B. die von Ihnen angeforderte Datei oder der Name Ihres Internet-Providers. Durch die Anonymisierung der Daten sind R\u00fcckschl\u00fcsse auf Ihre Person nicht m\u00f6glich.<\/p>\n\n\n\n<p><strong>Umgang mit Kontaktdaten<\/strong><\/p>\n\n\n\n<p>Nehmen Sie mit uns als Websitebetreiber durch die angebotenen Kontaktm\u00f6glichkeiten Verbindung auf, werden Ihre Angaben gespeichert, damit auf diese zur Bearbeitung und Beantwortung Ihrer Anfrage zur\u00fcckgegriffen werden kann. Ohne Ihre Einwilligung werden diese Daten nicht an Dritte weitergegeben.<\/p>\n\n\n\n<p>Die Webseite erhebt und verarbeitet personenbezogene Daten wie Vorname, Nachname, E-Mail-Adresse und Inhaltsangaben aus dem Kontaktformular, um Anfragen zu bearbeiten. Die erhobenen Daten werden nur nach ausdr\u00fccklicher Erlaubnis der betreffenden Nutzer und unter Einhaltung der geltenden Datenschutzbestimmungen erhoben und verarbeitet. Die Verarbeitung der personenbezogenen Daten erfolgt aufgrund unseres berechtigten Interesses zum pr\u00e4sentierten Angebot auf dieser Webseite.<\/p>\n\n\n\n<p>Wir weisen darauf hin, dass die Daten\u00fcbertragung im Internet (z.B. bei der Kommunikation per E-Mail) Sicherheitsl\u00fccken aufweisen kann. Ein l\u00fcckenloser Schutz der Daten vor dem Zugriff durch Dritte ist nicht m\u00f6glich.<\/p>\n\n\n\n<p><strong>Umgang mit Kommentaren und Beitr\u00e4gen<\/strong><\/p>\n\n\n\n<p>Hinterlassen Sie auf dieser Website einen Beitrag oder ein Kommentar, wird Ihre IP-Adresse gespeichert. Dies erfolgt aufgrund des berechtigten Interesses von WordPress im Sinne des Art. 6 Abs. 1 lit. f. DSGVO und dient der Sicherheit. Denn sollte Ihr Kommentar gegen geltendes Recht versto\u00dfen, k\u00f6nnen wir daf\u00fcr belangt werden, weshalb wir ein Interesse an der Identit\u00e4t des Kommentar- bzw. Beitragsautors haben.<\/p>\n\n\n\n<p><strong>Rechte f\u00fcr Sie als Nutzer<\/strong><\/p>\n\n\n\n<p>Sie haben als Nutzer das Recht, auf Antrag eine kostenlose Auskunft dar\u00fcber zu erhalten, welche personenbezogenen Daten \u00fcber Sie gespeichert wurden. Sie haben au\u00dferdem das Recht auf Berichtigung falscher Daten und auf die Verarbeitungseinschr\u00e4nkung oder L\u00f6schung Ihrer personenbezogenen Daten. Sollten Sie annehmen, dass Ihre Daten unrechtm\u00e4\u00dfig verarbeitet wurden, k\u00f6nnen Sie eine Beschwerde bei der zust\u00e4ndigen Aufsichtsbeh\u00f6rde einreichen.<\/p>\n\n\n\n<p><strong>L\u00f6schung von Daten<\/strong><\/p>\n\n\n\n<p>Sofern Ihr Wunsch nicht mit einer gesetzlichen Pflicht zur Aufbewahrung von Daten (z. B. Vorratsdatenspeicherung) kollidiert, haben Sie ein Anrecht auf L\u00f6schung Ihrer Daten. Von uns gespeicherte Daten werden, sollten sie f\u00fcr ihre Zweckbestimmung nicht mehr gebraucht werden und es keine gesetzlichen Aufbewahrungsfristen geben, gel\u00f6scht. Falls eine L\u00f6schung nicht durchgef\u00fchrt werden kann, da die Daten f\u00fcr zul\u00e4ssige gesetzliche Zwecke erforderlich sind, erfolgt eine Einschr\u00e4nkung der Datenverarbeitung. In diesem Fall werden die Daten gesperrt und nicht f\u00fcr andere Zwecke verarbeitet.<\/p>\n\n\n\n<p><strong>Widerspruchsrecht<\/strong><\/p>\n\n\n\n<p>Nutzer dieser Webseite k\u00f6nnen von ihrem Widerspruchsrecht Gebrauch machen und der Verarbeitung ihrer personenbezogenen Daten zu jeder Zeit widersprechen.<\/p>\n\n\n\n<p>Wenn Sie eine Berichtigung, Sperrung, L\u00f6schung oder Auskunft \u00fcber die zu Ihrer Person gespeicherten personenbezogenen Daten w\u00fcnschen oder Fragen bzgl. der Erhebung, Verarbeitung oder Verwendung Ihrer personenbezogenen Daten haben oder erteilte Einwilligungen widerrufen m\u00f6chten, wenden Sie sich bitte an folgende E-Mail-Adresse: <strong>ferienhaus-karlshagen@web.de<\/strong><\/p>\n\n\n\n<p><strong>Beschwerderecht<\/strong><\/p>\n\n\n\n<p>Im Falle datenschutzrechtlicher Verst\u00f6\u00dfe steht Ihnen zudem ein Beschwerderecht bei der zust\u00e4ndigen Aufsichtsbeh\u00f6rde zu. Das ist f\u00fcr datenschutzrechtliche Fragen der Landesdatenschutzbeauftragte Nordrhein-Westfalens. Die entsprechenden Kontaktdaten entnehmen Sie bitte dem folgendem <a href=\"https:\/\/www.bfdi.bund.de\/DE\/Datenschutz\/Ueberblick\/MeineRechte\/Artikel\/BeschwerdeBeiDatenschutzbehoereden.html\" target=\"_blank\" rel=\"noreferrer noopener\">Link<\/a>.<\/p>\n\n\n\n<p><strong>Wie werden Daten gesichert?<\/strong><\/p>\n\n\n\n<p>Um eine sichere Verarbeitung von Daten zu gew\u00e4hrleisten, setzen wir bei der Daten\u00fcbertragung zwischen Ihrem Rechner und unserem Server das Sicherheitsprotokoll SSL (Secure Socket Layer) ein. Die \u00dcbertragung der Daten erfolgt somit verschl\u00fcsselt und es ist sichergestellt, dass Dritte die \u00fcbertragenen Daten nicht einsehen und\/oder auf diese zugreifen k\u00f6nnen. Eine verschl\u00fcsselte Verbindung wird daran erkannt, dass die Adresszeile des Browsers von \u201chttp:\/\/\u201d auf \u201chttps:\/\/\u201d wechselt und an dem Schloss-Symbol in Ihrer Browserzeile.<\/p>\n","protected":false},"excerpt":{"rendered":"<p>Grundlegendes Diese Datenschutzerkl\u00e4rung informiert Sie als Nutzer dieser Website \u00fcber die Art, den Umfang und den Zweck der Erhebung und&hellip;<\/p>\n","protected":false},"author":1,"featured_media":0,"parent":61,"menu_order":0,"comment_status":"closed","ping_status":"closed","template":"","meta":{"footnotes":""},"class_list":["post-86","page","type-page","status-publish","hentry"],"_links":{"self":[{"href":"https:\/\/ostseeurlaub-in-karlshagen.de\/index.php\/wp-json\/wp\/v2\/pages\/86","targetHints":{"allow":["GET"]}}],"collection":[{"href":"https:\/\/ostseeurlaub-in-karlshagen.de\/index.php\/wp-json\/wp\/v2\/pages"}],"about":[{"href":"https:\/\/ostseeurlaub-in-karlshagen.de\/index.php\/wp-json\/wp\/v2\/types\/page"}],"author":[{"embeddable":true,"href":"https:\/\/ostseeurlaub-in-karlshagen.de\/index.php\/wp-json\/wp\/v2\/users\/1"}],"replies":[{"embeddable":true,"href":"https:\/\/ostseeurlaub-in-karlshagen.de\/index.php\/wp-json\/wp\/v2\/comments?post=86"}],"version-history":[{"count":3,"href":"https:\/\/ostseeurlaub-in-karlshagen.de\/index.php\/wp-json\/wp\/v2\/pages\/86\/revisions"}],"predecessor-version":[{"id":306,"href":"https:\/\/ostseeurlaub-in-karlshagen.de\/index.php\/wp-json\/wp\/v2\/pages\/86\/revisions\/306"}],"up":[{"embeddable":true,"href":"https:\/\/ostseeurlaub-in-karlshagen.de\/index.php\/wp-json\/wp\/v2\/pages\/61"}],"wp:attachment":[{"href":"https:\/\/ostseeurlaub-in-karlshagen.de\/index.php\/wp-json\/wp\/v2\/media?parent=86"}],"curies":[{"name":"wp","href":"https:\/\/api.w.org\/{rel}","templated":true}]}}