{"id":91,"date":"2020-02-16T18:42:07","date_gmt":"2020-02-16T18:42:07","guid":{"rendered":"https:\/\/ostseeurlaub-in-karlshagen.de\/?page_id=91"},"modified":"2026-05-06T21:26:05","modified_gmt":"2026-05-06T21:26:05","slug":"ferienhaus","status":"publish","type":"page","link":"https:\/\/ostseeurlaub-in-karlshagen.de\/index.php\/ferienhaus\/","title":{"rendered":"Ferienhaus &#8222;Ostseeblick&#8220;"},"content":{"rendered":"\n<p class=\"has-text-align-center\">Das Ferienhaus mit Garten liegt nur wenige Schritte vom langen Sandstrand der Ostsee entfernt.<\/p>\n\n\n<div class=\"wp-block-image\">\n<figure class=\"aligncenter size-full is-resized\"><a href=\"https:\/\/ostseeurlaub-in-karlshagen.de\/wp-content\/uploads\/2020\/02\/20200830_211733-scaled.jpg\" target=\"_blank\" rel=\"Haus Strandgut noopener\"><img loading=\"lazy\" decoding=\"async\" width=\"2560\" height=\"1213\" src=\"https:\/\/ostseeurlaub-in-karlshagen.de\/wp-content\/uploads\/2020\/02\/20200830_211733-scaled.jpg\" alt=\"\" class=\"wp-image-1954\" style=\"width:872px;height:auto\" srcset=\"https:\/\/ostseeurlaub-in-karlshagen.de\/wp-content\/uploads\/2020\/02\/20200830_211733-scaled.jpg 2560w, https:\/\/ostseeurlaub-in-karlshagen.de\/wp-content\/uploads\/2020\/02\/20200830_211733-300x142.jpg 300w, https:\/\/ostseeurlaub-in-karlshagen.de\/wp-content\/uploads\/2020\/02\/20200830_211733-1024x485.jpg 1024w, https:\/\/ostseeurlaub-in-karlshagen.de\/wp-content\/uploads\/2020\/02\/20200830_211733-768x364.jpg 768w, https:\/\/ostseeurlaub-in-karlshagen.de\/wp-content\/uploads\/2020\/02\/20200830_211733-1536x728.jpg 1536w, https:\/\/ostseeurlaub-in-karlshagen.de\/wp-content\/uploads\/2020\/02\/20200830_211733-2048x971.jpg 2048w, https:\/\/ostseeurlaub-in-karlshagen.de\/wp-content\/uploads\/2020\/02\/20200830_211733-1600x758.jpg 1600w\" sizes=\"auto, (max-width: 2560px) 100vw, 2560px\" \/><\/a><\/figure>\n<\/div>\n\n\n<hr class=\"wp-block-separator has-alpha-channel-opacity\"\/>\n\n\n\n<p><strong>Ferienwohnung im Erdgeschoss<\/strong> (3 Personen)<br><a href=\"https:\/\/www.ostsee-reisen.de\/usedom\/karlshagen\/ferienwohnungen-karlshagen-40-2.html\">Online Buchung <\/a> auf ostseereisen.de<\/p>\n\n\n\n<div class=\"wp-block-media-text is-stacked-on-mobile is-vertically-aligned-center\" style=\"grid-template-columns:32% auto\"><figure class=\"wp-block-media-text__media\"><a href=\"https:\/\/ostseeurlaub-in-karlshagen.de\/wp-content\/uploads\/2026\/05\/20260329_113516-scaled.jpg\" target=\"_blank\" rel=\"Erdgeschoss noopener\"><img loading=\"lazy\" decoding=\"async\" width=\"1024\" height=\"506\" src=\"https:\/\/ostseeurlaub-in-karlshagen.de\/wp-content\/uploads\/2026\/05\/20260329_113516-1024x506.jpg\" alt=\"\" class=\"wp-image-2092 size-full\" srcset=\"https:\/\/ostseeurlaub-in-karlshagen.de\/wp-content\/uploads\/2026\/05\/20260329_113516-1024x506.jpg 1024w, https:\/\/ostseeurlaub-in-karlshagen.de\/wp-content\/uploads\/2026\/05\/20260329_113516-300x148.jpg 300w, https:\/\/ostseeurlaub-in-karlshagen.de\/wp-content\/uploads\/2026\/05\/20260329_113516-768x380.jpg 768w, https:\/\/ostseeurlaub-in-karlshagen.de\/wp-content\/uploads\/2026\/05\/20260329_113516-1536x760.jpg 1536w, https:\/\/ostseeurlaub-in-karlshagen.de\/wp-content\/uploads\/2026\/05\/20260329_113516-2048x1013.jpg 2048w, https:\/\/ostseeurlaub-in-karlshagen.de\/wp-content\/uploads\/2026\/05\/20260329_113516-1600x791.jpg 1600w\" sizes=\"auto, (max-width: 1024px) 100vw, 1024px\" \/><\/a><\/figure><div class=\"wp-block-media-text__content\">\n<p>+ Wohnfl\u00e4che ca. 50 qm<br>+ Zentralheizung<br>+ K\u00fcchenbereich mit Esstisch, Kochzeile (Backofen, K\u00fchlschrank mit Gefrierfach sowie Mikrowelle) <br>+ Wohnzimmer mit Schlafcouch, Fernsehen und Terrassenzugang<br>+ Schlafzimmer mit Doppelbett und Schrank<br>+ Bad mit Dusche, WC und Haartrockner<br>+ Terrasse mit Gartenm\u00f6beln<br><\/p>\n<\/div><\/div>\n\n\n\n<hr class=\"wp-block-separator has-alpha-channel-opacity\"\/>\n\n\n\n<figure class=\"wp-block-gallery has-nested-images columns-default is-cropped wp-block-gallery-1 is-layout-flex wp-block-gallery-is-layout-flex\">\n<figure class=\"wp-block-image size-large\"><a href=\"https:\/\/ostseeurlaub-in-karlshagen.de\/wp-content\/uploads\/2026\/05\/20250628_135903-scaled.jpg\"><img loading=\"lazy\" decoding=\"async\" width=\"1024\" height=\"435\" data-id=\"2101\" src=\"https:\/\/ostseeurlaub-in-karlshagen.de\/wp-content\/uploads\/2026\/05\/20250628_135903-1024x435.jpg\" alt=\"\" class=\"wp-image-2101\" srcset=\"https:\/\/ostseeurlaub-in-karlshagen.de\/wp-content\/uploads\/2026\/05\/20250628_135903-1024x435.jpg 1024w, https:\/\/ostseeurlaub-in-karlshagen.de\/wp-content\/uploads\/2026\/05\/20250628_135903-300x127.jpg 300w, https:\/\/ostseeurlaub-in-karlshagen.de\/wp-content\/uploads\/2026\/05\/20250628_135903-768x326.jpg 768w, https:\/\/ostseeurlaub-in-karlshagen.de\/wp-content\/uploads\/2026\/05\/20250628_135903-1536x652.jpg 1536w, https:\/\/ostseeurlaub-in-karlshagen.de\/wp-content\/uploads\/2026\/05\/20250628_135903-2048x869.jpg 2048w, https:\/\/ostseeurlaub-in-karlshagen.de\/wp-content\/uploads\/2026\/05\/20250628_135903-1600x679.jpg 1600w\" sizes=\"auto, (max-width: 1024px) 100vw, 1024px\" \/><\/a><\/figure>\n\n\n\n<figure class=\"wp-block-image size-large\"><a href=\"https:\/\/ostseeurlaub-in-karlshagen.de\/wp-content\/uploads\/2024\/05\/IMG-20240329-WA0001.jpg\"><img loading=\"lazy\" decoding=\"async\" width=\"785\" height=\"1024\" data-id=\"1909\" src=\"https:\/\/ostseeurlaub-in-karlshagen.de\/wp-content\/uploads\/2024\/05\/IMG-20240329-WA0001-785x1024.jpg\" alt=\"\" class=\"wp-image-1909\" srcset=\"https:\/\/ostseeurlaub-in-karlshagen.de\/wp-content\/uploads\/2024\/05\/IMG-20240329-WA0001-785x1024.jpg 785w, https:\/\/ostseeurlaub-in-karlshagen.de\/wp-content\/uploads\/2024\/05\/IMG-20240329-WA0001-230x300.jpg 230w, https:\/\/ostseeurlaub-in-karlshagen.de\/wp-content\/uploads\/2024\/05\/IMG-20240329-WA0001-768x1002.jpg 768w, https:\/\/ostseeurlaub-in-karlshagen.de\/wp-content\/uploads\/2024\/05\/IMG-20240329-WA0001.jpg 1088w\" sizes=\"auto, (max-width: 785px) 100vw, 785px\" \/><\/a><\/figure>\n\n\n\n<figure class=\"wp-block-image size-large\"><a href=\"https:\/\/ostseeurlaub-in-karlshagen.de\/wp-content\/uploads\/2024\/05\/20210723_125355-485x800-1.jpg\"><img loading=\"lazy\" decoding=\"async\" width=\"485\" height=\"800\" data-id=\"1900\" src=\"https:\/\/ostseeurlaub-in-karlshagen.de\/wp-content\/uploads\/2024\/05\/20210723_125355-485x800-1.jpg\" alt=\"\" class=\"wp-image-1900\" srcset=\"https:\/\/ostseeurlaub-in-karlshagen.de\/wp-content\/uploads\/2024\/05\/20210723_125355-485x800-1.jpg 485w, https:\/\/ostseeurlaub-in-karlshagen.de\/wp-content\/uploads\/2024\/05\/20210723_125355-485x800-1-182x300.jpg 182w\" sizes=\"auto, (max-width: 485px) 100vw, 485px\" \/><\/a><\/figure>\n<\/figure>\n\n\n\n<hr class=\"wp-block-separator has-alpha-channel-opacity\"\/>\n\n\n\n<p><strong>Ferienwohnung im Obergeschoss<\/strong> (3 Personen)<br><a href=\"https:\/\/www.ostsee-reisen.de\/usedom\/karlshagen\/ferienwohnungen-karlshagen-40-1.html\">Online Buchung<\/a> auf ostseereisen.de<\/p>\n\n\n\n<hr class=\"wp-block-separator has-alpha-channel-opacity\"\/>\n\n\n\n<div class=\"wp-block-media-text is-stacked-on-mobile\" style=\"grid-template-columns:20% auto\"><figure class=\"wp-block-media-text__media\"><a href=\"https:\/\/ostseeurlaub-in-karlshagen.de\/wp-content\/uploads\/2024\/05\/IMG-20231204-WA0001.jpg\" target=\"_blank\" rel=\"Wohnbereich OG noopener\"><img loading=\"lazy\" decoding=\"async\" width=\"700\" height=\"1024\" src=\"https:\/\/ostseeurlaub-in-karlshagen.de\/wp-content\/uploads\/2024\/05\/IMG-20231204-WA0001-700x1024.jpg\" alt=\"\" class=\"wp-image-1924 size-full\" srcset=\"https:\/\/ostseeurlaub-in-karlshagen.de\/wp-content\/uploads\/2024\/05\/IMG-20231204-WA0001-700x1024.jpg 700w, https:\/\/ostseeurlaub-in-karlshagen.de\/wp-content\/uploads\/2024\/05\/IMG-20231204-WA0001-205x300.jpg 205w, https:\/\/ostseeurlaub-in-karlshagen.de\/wp-content\/uploads\/2024\/05\/IMG-20231204-WA0001-768x1123.jpg 768w, https:\/\/ostseeurlaub-in-karlshagen.de\/wp-content\/uploads\/2024\/05\/IMG-20231204-WA0001.jpg 979w\" sizes=\"auto, (max-width: 700px) 100vw, 700px\" \/><\/a><\/figure><div class=\"wp-block-media-text__content\">\n<p>+ Wohnfl\u00e4che ca. 50 qm<br>+ Zentralheizung<br>+ K\u00fcchenbereich mit Kochzeile inkl. Backofen, K\u00fchlschrank mit Gefrierfach sowie Mikrowelle <br>+ Schlafzimmer mit Doppelbett<br>+ Wohnbereich mit Esstisch, Schlafcouch und Fernsehen<br>+ Bad mit Dusche und WC <br>+ Balkon mit Essplatz <\/p>\n<\/div><\/div>\n\n\n\n<figure class=\"wp-block-gallery has-nested-images columns-default is-cropped wp-block-gallery-2 is-layout-flex wp-block-gallery-is-layout-flex\">\n<figure class=\"wp-block-image size-large\"><a href=\"https:\/\/ostseeurlaub-in-karlshagen.de\/wp-content\/uploads\/2024\/05\/IMG-20240221-WA0010.jpg\" target=\"_blank\" rel=\"K\u00fcche OG noopener\"><img loading=\"lazy\" decoding=\"async\" width=\"785\" height=\"1024\" data-id=\"1926\" src=\"https:\/\/ostseeurlaub-in-karlshagen.de\/wp-content\/uploads\/2024\/05\/IMG-20240221-WA0010-785x1024.jpg\" alt=\"\" class=\"wp-image-1926\" srcset=\"https:\/\/ostseeurlaub-in-karlshagen.de\/wp-content\/uploads\/2024\/05\/IMG-20240221-WA0010-785x1024.jpg 785w, https:\/\/ostseeurlaub-in-karlshagen.de\/wp-content\/uploads\/2024\/05\/IMG-20240221-WA0010-230x300.jpg 230w, https:\/\/ostseeurlaub-in-karlshagen.de\/wp-content\/uploads\/2024\/05\/IMG-20240221-WA0010-768x1002.jpg 768w, https:\/\/ostseeurlaub-in-karlshagen.de\/wp-content\/uploads\/2024\/05\/IMG-20240221-WA0010.jpg 898w\" sizes=\"auto, (max-width: 785px) 100vw, 785px\" \/><\/a><\/figure>\n\n\n\n<figure class=\"wp-block-image size-full\"><a href=\"https:\/\/ostseeurlaub-in-karlshagen.de\/wp-content\/uploads\/2021\/07\/ai-1902-5-mr-1547892939.jpeg\" target=\"_blank\" rel=\"Ess- und Wohnbereich OG noopener\"><img loading=\"lazy\" decoding=\"async\" width=\"360\" height=\"480\" data-id=\"1277\" src=\"https:\/\/ostseeurlaub-in-karlshagen.de\/wp-content\/uploads\/2021\/07\/ai-1902-5-mr-1547892939.jpeg\" alt=\"\" class=\"wp-image-1277\" srcset=\"https:\/\/ostseeurlaub-in-karlshagen.de\/wp-content\/uploads\/2021\/07\/ai-1902-5-mr-1547892939.jpeg 360w, https:\/\/ostseeurlaub-in-karlshagen.de\/wp-content\/uploads\/2021\/07\/ai-1902-5-mr-1547892939-225x300.jpeg 225w\" sizes=\"auto, (max-width: 360px) 100vw, 360px\" \/><\/a><\/figure>\n\n\n\n<figure class=\"wp-block-image size-large\"><a href=\"https:\/\/ostseeurlaub-in-karlshagen.de\/wp-content\/uploads\/2024\/05\/IMG-20240329-WA0011.jpg\" target=\"_blank\" rel=\"Schlafen OG noopener\"><img loading=\"lazy\" decoding=\"async\" width=\"671\" height=\"1024\" data-id=\"1927\" src=\"https:\/\/ostseeurlaub-in-karlshagen.de\/wp-content\/uploads\/2024\/05\/IMG-20240329-WA0011-671x1024.jpg\" alt=\"\" class=\"wp-image-1927\" srcset=\"https:\/\/ostseeurlaub-in-karlshagen.de\/wp-content\/uploads\/2024\/05\/IMG-20240329-WA0011-671x1024.jpg 671w, https:\/\/ostseeurlaub-in-karlshagen.de\/wp-content\/uploads\/2024\/05\/IMG-20240329-WA0011-196x300.jpg 196w, https:\/\/ostseeurlaub-in-karlshagen.de\/wp-content\/uploads\/2024\/05\/IMG-20240329-WA0011-768x1173.jpg 768w, https:\/\/ostseeurlaub-in-karlshagen.de\/wp-content\/uploads\/2024\/05\/IMG-20240329-WA0011.jpg 905w\" sizes=\"auto, (max-width: 671px) 100vw, 671px\" \/><\/a><\/figure>\n<\/figure>\n\n\n\n<hr class=\"wp-block-separator has-alpha-channel-opacity\"\/>\n\n\n\n<p class=\"has-text-align-center\"><strong>Weitere Informationen<\/strong><\/p>\n\n\n<div class=\"wp-block-image\">\n<figure class=\"aligncenter size-full is-resized\"><a href=\"https:\/\/ostseeurlaub-in-karlshagen.de\/wp-content\/uploads\/2021\/07\/20210723_125630-800x366-2.jpg\" target=\"_blank\" rel=\"Garten noopener\"><img loading=\"lazy\" decoding=\"async\" width=\"800\" height=\"366\" src=\"https:\/\/ostseeurlaub-in-karlshagen.de\/wp-content\/uploads\/2021\/07\/20210723_125630-800x366-2.jpg\" alt=\"\" class=\"wp-image-1286\" style=\"width:797px;height:auto\" srcset=\"https:\/\/ostseeurlaub-in-karlshagen.de\/wp-content\/uploads\/2021\/07\/20210723_125630-800x366-2.jpg 800w, https:\/\/ostseeurlaub-in-karlshagen.de\/wp-content\/uploads\/2021\/07\/20210723_125630-800x366-2-300x137.jpg 300w, https:\/\/ostseeurlaub-in-karlshagen.de\/wp-content\/uploads\/2021\/07\/20210723_125630-800x366-2-768x351.jpg 768w\" sizes=\"auto, (max-width: 800px) 100vw, 800px\" \/><\/a><\/figure>\n<\/div>\n\n\n<p class=\"has-text-align-center\"><strong>Gro\u00dfer Garten<\/strong> <br><br>Dieser ist von beiden Wohnungen nutzbar. <br>Jede Wohneinheit hat einen gro\u00dfen Gartentisch mit vier Gartenst\u00fchlen und Sonnenschirm. <br>Zudem stehen f\u00fcr beide Wohnungen ein Standkorb, 2 Sonnenliegen und ein Holzkohlegrill zur Verf\u00fcgung.<\/p>\n\n\n\n<hr class=\"wp-block-separator has-alpha-channel-opacity\"\/>\n\n\n\n<h6 class=\"wp-block-heading has-text-align-center\">Haustiere<br><\/h6>\n\n\n\n<p class=\"has-text-align-center\">Tiere sind in beiden Fereienwohnungen nicht erlaubt. <\/p>\n\n\n\n<h6 class=\"wp-block-heading has-text-align-center\">Rauchen<br><\/h6>\n\n\n\n<p class=\"has-text-align-center\">Beide Einheiten sind Nichtraucherwohnungen. Wir bitten Sie daher im Haus nicht zu rauchen.<\/p>\n\n\n\n<h6 class=\"wp-block-heading has-text-align-center\">Internet \/ W-LAN<br><\/h6>\n\n\n\n<p class=\"has-text-align-center\">Auf Anfrage ist die Bereitstellung von W-LAN (Glasfaser) in beiden Wohneinheiten m\u00f6glich. <br>Kosten: 8,00 Euro pro Buchungswoche<\/p>\n\n\n\n<h6 class=\"wp-block-heading has-text-align-center\">Parken<br><\/h6>\n\n\n\n<p class=\"has-text-align-center\">F\u00fcr jede Wohneinheit steht ein kostenfreier PKW-Stellplatz direkt am Haus zur Verf\u00fcgung.<br>Wir m\u00f6chten darauf hinweisen, dass das Laden von E-Autos am Haus nicht gestattet ist. <\/p>\n\n\n\n<h6 class=\"wp-block-heading has-text-align-center\">Gesamtes Haus mieten<br><\/h6>\n\n\n\n<p class=\"has-text-align-center\">Gerne k\u00f6nnen beide Wohneinheiten zusammen gemietet werden. <br>Das Haus ist ganzj\u00e4hrig nutzbar.<\/p>\n\n\n\n<h6 class=\"wp-block-heading has-text-align-center\">Umgebung<br><\/h6>\n\n\n\n<p class=\"has-text-align-center\">Fu\u00dfl\u00e4ufig sind mehrere Backshops erreichbar. <br>Der n\u00e4chste <strong>Backshop<\/strong> ist &#8222;Emmas Laden&#8220; am Bikerhotel, nur wenige Schritte vom Haus entfernt.<br>Im Ort stehen mehrere <strong>Superm\u00e4rkte<\/strong> zur Auswahl. <br>Der Supermarkt im Ortskern ist bequem mit dem Auto oder Fahrrad in nur wenigen Minuten erreichbar.<br>Zum <strong>Hafen<\/strong> &#8211; hier zu empfehlen der Fischimbiss und die Sonnenunterg\u00e4nge &#8211; gelangt man mit dem Fahrrad in etwa 15 Minuten. <br><strong>Fahrr\u00e4der<\/strong> k\u00f6nnen unter anderem im Ort (&#8222;Strand 18&#8220;) ausgeliehen werden. <br>Ihre eigenen Fahrr\u00e4der schlie\u00dfen Sie direkt am Haus am Fahrradst\u00e4nder an.<\/p>\n\n\n\n<hr class=\"wp-block-separator has-alpha-channel-opacity\"\/>\n\n\n\n<div class=\"wp-block-group\"><div class=\"wp-block-group__inner-container is-layout-constrained wp-block-group-is-layout-constrained\">\n<div class=\"wp-block-columns is-layout-flex wp-container-core-columns-is-layout-9d6595d7 wp-block-columns-is-layout-flex\">\n<div class=\"wp-block-column is-layout-flow wp-block-column-is-layout-flow\" style=\"flex-basis:100%\">\n<div class=\"wp-block-group is-content-justification-center is-nowrap is-layout-flex wp-container-core-group-is-layout-94bc23d7 wp-block-group-is-layout-flex\">\n<div class=\"wp-block-columns is-layout-flex wp-container-core-columns-is-layout-9d6595d7 wp-block-columns-is-layout-flex\">\n<div class=\"wp-block-column is-layout-flow wp-block-column-is-layout-flow\" style=\"flex-basis:100%\">\n<div class=\"wp-block-group is-nowrap is-layout-flex wp-container-core-group-is-layout-ad2f72ca wp-block-group-is-layout-flex\">\n<p><a href=\"https:\/\/ostseeurlaub-in-karlshagen.de\/index.php\/blegung-preise\/\" data-type=\"page\" data-id=\"91\">Verf\u00fcgbarkeiten<\/a><\/p>\n<\/div>\n<\/div>\n<\/div>\n\n\n\n<hr class=\"wp-block-separator has-alpha-channel-opacity\"\/>\n\n\n\n<div class=\"wp-block-group is-vertical is-layout-flex wp-container-core-group-is-layout-8cf370e7 wp-block-group-is-layout-flex\">\n<p><a href=\"https:\/\/ostseeurlaub-in-karlshagen.de\/index.php\/kontakt\/\">Anfrage &amp; Kontakt<\/a><\/p>\n<\/div>\n\n\n\n<hr class=\"wp-block-separator has-alpha-channel-opacity\"\/>\n\n\n\n<p><a href=\"https:\/\/ostseeurlaub-in-karlshagen.de\/index.php\/gallerie\/\">Fotogalerie<\/a><\/p>\n<\/div>\n<\/div>\n<\/div>\n<\/div><\/div>\n","protected":false},"excerpt":{"rendered":"<p>Das Ferienhaus mit Garten liegt nur wenige Schritte vom langen Sandstrand der Ostsee entfernt. Ferienwohnung im Erdgeschoss (3 Personen)Online Buchung&hellip;<\/p>\n","protected":false},"author":1,"featured_media":0,"parent":0,"menu_order":0,"comment_status":"closed","ping_status":"closed","template":"","meta":{"footnotes":""},"class_list":["post-91","page","type-page","status-publish","hentry"],"_links":{"self":[{"href":"https:\/\/ostseeurlaub-in-karlshagen.de\/index.php\/wp-json\/wp\/v2\/pages\/91","targetHints":{"allow":["GET"]}}],"collection":[{"href":"https:\/\/ostseeurlaub-in-karlshagen.de\/index.php\/wp-json\/wp\/v2\/pages"}],"about":[{"href":"https:\/\/ostseeurlaub-in-karlshagen.de\/index.php\/wp-json\/wp\/v2\/types\/page"}],"author":[{"embeddable":true,"href":"https:\/\/ostseeurlaub-in-karlshagen.de\/index.php\/wp-json\/wp\/v2\/users\/1"}],"replies":[{"embeddable":true,"href":"https:\/\/ostseeurlaub-in-karlshagen.de\/index.php\/wp-json\/wp\/v2\/comments?post=91"}],"version-history":[{"count":133,"href":"https:\/\/ostseeurlaub-in-karlshagen.de\/index.php\/wp-json\/wp\/v2\/pages\/91\/revisions"}],"predecessor-version":[{"id":2211,"href":"https:\/\/ostseeurlaub-in-karlshagen.de\/index.php\/wp-json\/wp\/v2\/pages\/91\/revisions\/2211"}],"wp:attachment":[{"href":"https:\/\/ostseeurlaub-in-karlshagen.de\/index.php\/wp-json\/wp\/v2\/media?parent=91"}],"curies":[{"name":"wp","href":"https:\/\/api.w.org\/{rel}","templated":true}]}}