{"id":94,"date":"2020-02-16T18:45:07","date_gmt":"2020-02-16T18:45:07","guid":{"rendered":"https:\/\/ostseeurlaub-in-karlshagen.de\/?page_id=94"},"modified":"2026-05-06T21:05:49","modified_gmt":"2026-05-06T21:05:49","slug":"karlshagen","status":"publish","type":"page","link":"https:\/\/ostseeurlaub-in-karlshagen.de\/index.php\/karlshagen\/","title":{"rendered":"Karlshagen"},"content":{"rendered":"\n<div class=\"wp-block-columns is-layout-flex wp-container-core-columns-is-layout-9d6595d7 wp-block-columns-is-layout-flex\">\n<div class=\"wp-block-column is-vertically-aligned-center is-layout-flow wp-block-column-is-layout-flow\" style=\"flex-basis:66.66%\">\n<figure class=\"wp-block-image size-full\"><a href=\"https:\/\/ostseeurlaub-in-karlshagen.de\/wp-content\/uploads\/2020\/03\/IMG-20190609-WA0024-Kopie-800x450-2.jpg\"><img loading=\"lazy\" decoding=\"async\" width=\"584\" height=\"336\" src=\"https:\/\/ostseeurlaub-in-karlshagen.de\/wp-content\/uploads\/2020\/03\/IMG-20190609-WA0024-Kopie-800x450-2-e1669728857412.jpg\" alt=\"\" class=\"wp-image-480\" srcset=\"https:\/\/ostseeurlaub-in-karlshagen.de\/wp-content\/uploads\/2020\/03\/IMG-20190609-WA0024-Kopie-800x450-2-e1669728857412.jpg 584w, https:\/\/ostseeurlaub-in-karlshagen.de\/wp-content\/uploads\/2020\/03\/IMG-20190609-WA0024-Kopie-800x450-2-e1669728857412-300x173.jpg 300w\" sizes=\"auto, (max-width: 584px) 100vw, 584px\" \/><\/a><\/figure>\n<\/div>\n\n\n\n<div class=\"wp-block-column is-layout-flow wp-block-column-is-layout-flow\"><\/div>\n\n\n\n<div class=\"wp-block-column is-layout-flow wp-block-column-is-layout-flow\"><\/div>\n\n\n\n<div class=\"wp-block-column is-layout-flow wp-block-column-is-layout-flow\" style=\"flex-basis:33.33%\">\n<iframe loading=\"lazy\" name=\"FC3\" style=\"border:1px solid;border-radius:10px;border-color:#00537f;\" src=\"https:\/\/api.wetteronline.de\/wetterwidget?gid=x0582&amp;modeid=FC3&amp;seourl=karlshagen&amp;locationname=Karlshagen&amp;lang=de\" width=\"300\" height=\"365\"><\/iframe>\n<\/div>\n<\/div>\n\n\n\n<hr class=\"wp-block-separator has-alpha-channel-opacity\"\/>\n\n\n\n<p><a aria-label=\"Karlshagen  (\u00f6ffnet in neuem Tab)\" href=\"https:\/\/www.karlshagen.de\" target=\"_blank\" rel=\"noreferrer noopener\">Karlshagen <\/a>bietet neben Strandurlaub und Erholung das ganze Jahr \u00fcber Kunst, Kultur &amp; Sport. Ob zu Fu\u00df, mit dem Fahrrad oder der B\u00e4derbahn, von Karlshagen aus k\u00f6nnen Sie die gesamte Insel erkunden. Ausgedehnte Wald- und Heidegebiete, Moorlandschaften bieten Ihnen zu jeder Jahreszeit einen hohen Erholungswert.<\/p>\n\n\n\n<figure class=\"wp-block-gallery has-nested-images columns-default is-cropped wp-block-gallery-1 is-layout-flex wp-block-gallery-is-layout-flex\">\n<figure class=\"wp-block-image size-large\"><img loading=\"lazy\" decoding=\"async\" width=\"800\" height=\"533\" data-id=\"406\" src=\"https:\/\/ostseeurlaub-in-karlshagen.de\/wp-content\/uploads\/2020\/03\/beach-2377025-800x533-1.jpg\" alt=\"\" class=\"wp-image-406\" srcset=\"https:\/\/ostseeurlaub-in-karlshagen.de\/wp-content\/uploads\/2020\/03\/beach-2377025-800x533-1.jpg 800w, https:\/\/ostseeurlaub-in-karlshagen.de\/wp-content\/uploads\/2020\/03\/beach-2377025-800x533-1-300x200.jpg 300w, https:\/\/ostseeurlaub-in-karlshagen.de\/wp-content\/uploads\/2020\/03\/beach-2377025-800x533-1-768x512.jpg 768w\" sizes=\"auto, (max-width: 800px) 100vw, 800px\" \/><figcaption class=\"wp-element-caption\">Ostseestrand<\/figcaption><\/figure>\n\n\n\n<figure class=\"wp-block-image size-large\"><a href=\"https:\/\/ostseeurlaub-in-karlshagen.de\/wp-content\/uploads\/2020\/09\/cropped-20200830_221814-800x379-1-1.jpg\"><img loading=\"lazy\" decoding=\"async\" width=\"1024\" height=\"499\" data-id=\"1054\" src=\"https:\/\/ostseeurlaub-in-karlshagen.de\/wp-content\/uploads\/2020\/09\/cropped-20200830_221814-800x379-1-1-1024x499.jpg\" alt=\"\" class=\"wp-image-1054\" srcset=\"https:\/\/ostseeurlaub-in-karlshagen.de\/wp-content\/uploads\/2020\/09\/cropped-20200830_221814-800x379-1-1-1024x499.jpg 1024w, https:\/\/ostseeurlaub-in-karlshagen.de\/wp-content\/uploads\/2020\/09\/cropped-20200830_221814-800x379-1-1-300x146.jpg 300w, https:\/\/ostseeurlaub-in-karlshagen.de\/wp-content\/uploads\/2020\/09\/cropped-20200830_221814-800x379-1-1-768x374.jpg 768w, https:\/\/ostseeurlaub-in-karlshagen.de\/wp-content\/uploads\/2020\/09\/cropped-20200830_221814-800x379-1-1-1536x748.jpg 1536w, https:\/\/ostseeurlaub-in-karlshagen.de\/wp-content\/uploads\/2020\/09\/cropped-20200830_221814-800x379-1-1-2048x998.jpg 2048w, https:\/\/ostseeurlaub-in-karlshagen.de\/wp-content\/uploads\/2020\/09\/cropped-20200830_221814-800x379-1-1-1600x779.jpg 1600w\" sizes=\"auto, (max-width: 1024px) 100vw, 1024px\" \/><\/a><figcaption class=\"wp-element-caption\">Herzlich Willkommen<\/figcaption><\/figure>\n\n\n\n<figure class=\"wp-block-image size-large\"><img loading=\"lazy\" decoding=\"async\" width=\"840\" height=\"560\" data-id=\"483\" src=\"https:\/\/ostseeurlaub-in-karlshagen.de\/wp-content\/uploads\/2020\/03\/img_37821200.jpg\" alt=\"\" class=\"wp-image-483\" srcset=\"https:\/\/ostseeurlaub-in-karlshagen.de\/wp-content\/uploads\/2020\/03\/img_37821200.jpg 840w, https:\/\/ostseeurlaub-in-karlshagen.de\/wp-content\/uploads\/2020\/03\/img_37821200-300x200.jpg 300w, https:\/\/ostseeurlaub-in-karlshagen.de\/wp-content\/uploads\/2020\/03\/img_37821200-768x512.jpg 768w\" sizes=\"auto, (max-width: 840px) 100vw, 840px\" \/><figcaption class=\"wp-element-caption\">Hafen<\/figcaption><\/figure>\n<\/figure>\n\n\n\n<hr class=\"wp-block-separator has-alpha-channel-opacity\"\/>\n\n\n\n<p>Besuchen Sie eine der vielen Veranstaltungen in der Konzertmuschel, unternehmen Sie vom Hafen aus eine Bootstour auf die Inseln \u201eRuden\u201c und \u201eOe\u201c oder probieren Sie den frisch gefangenen Fisch im Fischimbiss am Hafen.<\/p>\n\n\n\n<figure class=\"wp-block-gallery has-nested-images columns-default is-cropped wp-block-gallery-2 is-layout-flex wp-block-gallery-is-layout-flex\">\n<figure class=\"wp-block-image size-large\"><img loading=\"lazy\" decoding=\"async\" width=\"800\" height=\"529\" data-id=\"384\" src=\"https:\/\/ostseeurlaub-in-karlshagen.de\/wp-content\/uploads\/2020\/03\/IMG_2809-Kopie-800x529-1.jpg\" alt=\"\" class=\"wp-image-384\" srcset=\"https:\/\/ostseeurlaub-in-karlshagen.de\/wp-content\/uploads\/2020\/03\/IMG_2809-Kopie-800x529-1.jpg 800w, https:\/\/ostseeurlaub-in-karlshagen.de\/wp-content\/uploads\/2020\/03\/IMG_2809-Kopie-800x529-1-300x198.jpg 300w, https:\/\/ostseeurlaub-in-karlshagen.de\/wp-content\/uploads\/2020\/03\/IMG_2809-Kopie-800x529-1-768x508.jpg 768w\" sizes=\"auto, (max-width: 800px) 100vw, 800px\" \/><figcaption class=\"wp-element-caption\">Kitesurfen<\/figcaption><\/figure>\n\n\n\n<figure class=\"wp-block-image size-large\"><img loading=\"lazy\" decoding=\"async\" width=\"1024\" height=\"768\" data-id=\"388\" src=\"https:\/\/ostseeurlaub-in-karlshagen.de\/wp-content\/uploads\/2020\/03\/IMG_3797-1024x768.jpg\" alt=\"\" class=\"wp-image-388\" srcset=\"https:\/\/ostseeurlaub-in-karlshagen.de\/wp-content\/uploads\/2020\/03\/IMG_3797-1024x768.jpg 1024w, https:\/\/ostseeurlaub-in-karlshagen.de\/wp-content\/uploads\/2020\/03\/IMG_3797-300x225.jpg 300w, https:\/\/ostseeurlaub-in-karlshagen.de\/wp-content\/uploads\/2020\/03\/IMG_3797-768x576.jpg 768w, https:\/\/ostseeurlaub-in-karlshagen.de\/wp-content\/uploads\/2020\/03\/IMG_3797-1536x1152.jpg 1536w, https:\/\/ostseeurlaub-in-karlshagen.de\/wp-content\/uploads\/2020\/03\/IMG_3797-2048x1536.jpg 2048w, https:\/\/ostseeurlaub-in-karlshagen.de\/wp-content\/uploads\/2020\/03\/IMG_3797-1600x1200.jpg 1600w\" sizes=\"auto, (max-width: 1024px) 100vw, 1024px\" \/><figcaption class=\"wp-element-caption\">Sonnenuntergang am Hafen<\/figcaption><\/figure>\n\n\n\n<figure class=\"wp-block-image size-large\"><img loading=\"lazy\" decoding=\"async\" width=\"800\" height=\"533\" data-id=\"383\" src=\"https:\/\/ostseeurlaub-in-karlshagen.de\/wp-content\/uploads\/2020\/03\/IMG_2791-800x533-800x533-1.jpg\" alt=\"\" class=\"wp-image-383\" srcset=\"https:\/\/ostseeurlaub-in-karlshagen.de\/wp-content\/uploads\/2020\/03\/IMG_2791-800x533-800x533-1.jpg 800w, https:\/\/ostseeurlaub-in-karlshagen.de\/wp-content\/uploads\/2020\/03\/IMG_2791-800x533-800x533-1-300x200.jpg 300w, https:\/\/ostseeurlaub-in-karlshagen.de\/wp-content\/uploads\/2020\/03\/IMG_2791-800x533-800x533-1-768x512.jpg 768w\" sizes=\"auto, (max-width: 800px) 100vw, 800px\" \/><figcaption class=\"wp-element-caption\">Konzertmuschel<\/figcaption><\/figure>\n<\/figure>\n\n\n\n<hr class=\"wp-block-separator has-alpha-channel-opacity\"\/>\n\n\n\n<p><strong>In der n\u00e4heren Umgebung von Karlshagen stehen zudem zahlreiche Sport- und Freizeitangebote zur Verf\u00fcgung:<\/strong>  <\/p>\n\n\n\n<div class=\"wp-block-columns is-layout-flex wp-container-core-columns-is-layout-9d6595d7 wp-block-columns-is-layout-flex\">\n<div class=\"wp-block-column is-layout-flow wp-block-column-is-layout-flow\">\n<ul class=\"wp-block-list\">\n<li>Angeln am Hafen<\/li>\n\n\n\n<li>Wellness in der <a rel=\"noreferrer noopener\" href=\"http:\/\/www.bernsteintherme.de\/\" target=\"_blank\">Bernsteintherme<\/a> (Zinnowitz)<\/li>\n\n\n\n<li><a href=\"https:\/\/www.surfschule-usedom.com\/\">Segel-, Surf- und Tauschschule<\/a> am Strand von Karlshagen <\/li>\n\n\n\n<li>Banana Boat oder SUP (Stand-Up Paddling) am <a href=\"https:\/\/www.sail-away-usedom.com\/\">Sportstrand<\/a> von Zinnowitz<\/li>\n\n\n\n<li>Fahrradverleih (in allen Orten)<\/li>\n\n\n\n<li><a href=\"https:\/\/club-kino.de\/\">Club-Kino<\/a> in Zinnowitz<\/li>\n\n\n\n<li><a href=\"https:\/\/www.weltstehtkopf.de\/\">&#8222;Die Welt steht Kopf&#8220;<\/a> in Trassenheide<\/li>\n\n\n\n<li><a rel=\"noreferrer noopener\" href=\"http:\/\/www.schmetterlingsfarm.de\/trassenheide\/oeffnungszeiten.htm\" target=\"_blank\">Schmetterlingsfarm in Trassenheide<\/a><\/li>\n\n\n\n<li><a href=\"https:\/\/www.karls.de\/koserow.html\">Karls Erlebnis-Dorf<\/a> und die neue Seebr\u00fccke in Koserow <\/li>\n\n\n\n<li>Tennis und Golfpl\u00e4tze u.a. in Karlshagen, Kosserow und Zinnowitz<\/li>\n\n\n\n<li><a href=\"https:\/\/www.friesenhof.m-vp.de\/\">Reiterhof Friesenhof<\/a> in Trassenheide<\/li>\n\n\n\n<li>Gartencaf\u00e9 &#8222;Naschkatze&#8220; in Krummin<\/li>\n\n\n\n<li><a href=\"https:\/\/www.surfboxusedom.de\/\">Surfbox<\/a> Trassenheide und Zempin<\/li>\n<\/ul>\n<\/div>\n\n\n\n<div class=\"wp-block-column is-layout-flow wp-block-column-is-layout-flow\">\n<figure class=\"wp-block-gallery alignwide has-nested-images columns-default is-cropped wp-block-gallery-3 is-layout-flex wp-block-gallery-is-layout-flex\">\n<figure class=\"wp-block-image size-large\"><a href=\"https:\/\/ostseeurlaub-in-karlshagen.de\/wp-content\/uploads\/2021\/07\/20210712_174907-800x583-1.jpg\"><img loading=\"lazy\" decoding=\"async\" width=\"800\" height=\"583\" data-id=\"1313\" src=\"https:\/\/ostseeurlaub-in-karlshagen.de\/wp-content\/uploads\/2021\/07\/20210712_174907-800x583-1.jpg\" alt=\"\" class=\"wp-image-1313\" srcset=\"https:\/\/ostseeurlaub-in-karlshagen.de\/wp-content\/uploads\/2021\/07\/20210712_174907-800x583-1.jpg 800w, https:\/\/ostseeurlaub-in-karlshagen.de\/wp-content\/uploads\/2021\/07\/20210712_174907-800x583-1-300x219.jpg 300w, https:\/\/ostseeurlaub-in-karlshagen.de\/wp-content\/uploads\/2021\/07\/20210712_174907-800x583-1-768x560.jpg 768w\" sizes=\"auto, (max-width: 800px) 100vw, 800px\" \/><\/a><\/figure>\n\n\n\n<figure class=\"wp-block-image size-large\"><a href=\"https:\/\/ostseeurlaub-in-karlshagen.de\/wp-content\/uploads\/2021\/07\/20210704_161823-800x423-1.jpg\"><img loading=\"lazy\" decoding=\"async\" width=\"800\" height=\"423\" data-id=\"1300\" src=\"https:\/\/ostseeurlaub-in-karlshagen.de\/wp-content\/uploads\/2021\/07\/20210704_161823-800x423-1.jpg\" alt=\"\" class=\"wp-image-1300\" srcset=\"https:\/\/ostseeurlaub-in-karlshagen.de\/wp-content\/uploads\/2021\/07\/20210704_161823-800x423-1.jpg 800w, https:\/\/ostseeurlaub-in-karlshagen.de\/wp-content\/uploads\/2021\/07\/20210704_161823-800x423-1-300x159.jpg 300w, https:\/\/ostseeurlaub-in-karlshagen.de\/wp-content\/uploads\/2021\/07\/20210704_161823-800x423-1-768x406.jpg 768w\" sizes=\"auto, (max-width: 800px) 100vw, 800px\" \/><\/a><\/figure>\n<\/figure>\n\n\n\n<figure class=\"wp-block-image size-full\"><a href=\"https:\/\/ostseeurlaub-in-karlshagen.de\/wp-content\/uploads\/2021\/07\/20210708_143317-800x379-1.jpg\"><img loading=\"lazy\" decoding=\"async\" width=\"800\" height=\"379\" src=\"https:\/\/ostseeurlaub-in-karlshagen.de\/wp-content\/uploads\/2021\/07\/20210708_143317-800x379-1.jpg\" alt=\"\" class=\"wp-image-1306\" srcset=\"https:\/\/ostseeurlaub-in-karlshagen.de\/wp-content\/uploads\/2021\/07\/20210708_143317-800x379-1.jpg 800w, https:\/\/ostseeurlaub-in-karlshagen.de\/wp-content\/uploads\/2021\/07\/20210708_143317-800x379-1-300x142.jpg 300w, https:\/\/ostseeurlaub-in-karlshagen.de\/wp-content\/uploads\/2021\/07\/20210708_143317-800x379-1-768x364.jpg 768w\" sizes=\"auto, (max-width: 800px) 100vw, 800px\" \/><\/a><\/figure>\n<\/div>\n<\/div>\n\n\n\n<p><\/p>\n\n\n\n<p><\/p>\n\n\n\n<hr class=\"wp-block-separator has-alpha-channel-opacity\"\/>\n\n\n\n<div class=\"wp-block-media-text is-stacked-on-mobile\" style=\"grid-template-columns:32% auto\"><figure class=\"wp-block-media-text__media\"><a href=\"https:\/\/ostseeurlaub-in-karlshagen.de\/wp-content\/uploads\/2020\/02\/dsc_0216_dxo1200.jpg\"><img loading=\"lazy\" decoding=\"async\" width=\"840\" height=\"560\" src=\"https:\/\/ostseeurlaub-in-karlshagen.de\/wp-content\/uploads\/2020\/02\/dsc_0216_dxo1200.jpg\" alt=\"\" class=\"wp-image-173 size-full\" srcset=\"https:\/\/ostseeurlaub-in-karlshagen.de\/wp-content\/uploads\/2020\/02\/dsc_0216_dxo1200.jpg 840w, https:\/\/ostseeurlaub-in-karlshagen.de\/wp-content\/uploads\/2020\/02\/dsc_0216_dxo1200-300x200.jpg 300w, https:\/\/ostseeurlaub-in-karlshagen.de\/wp-content\/uploads\/2020\/02\/dsc_0216_dxo1200-768x512.jpg 768w\" sizes=\"auto, (max-width: 840px) 100vw, 840px\" \/><\/a><\/figure><div class=\"wp-block-media-text__content\">\n<p>Im benachbarten <a href=\"https:\/\/usedom.de\/peenemuende\">Peenem\u00fcnde<\/a> warten die Austellungen \u201e<a rel=\"noreferrer noopener\" href=\"http:\/\/www.phaenomenta-peenemuende.de\/\" target=\"_blank\">Ph\u00e4nomenta<\/a>\u201c&nbsp;und das <a rel=\"noreferrer noopener\" href=\"http:\/\/www.peenemuende-info.de\/historisch-technisches-museum.html\" target=\"_blank\">Historisch-Technische Museum Peenem\u00fcnde<\/a> auf Ihren Besuch. Auf dem anliegenden Flughafen ist die <a rel=\"noreferrer noopener\" href=\"http:\/\/www.peenemuende-west.de\/page2.php\" target=\"_blank\">Historische Flugplatzrundfahrt<\/a> zu empfehlen. Im Hafen von Peenem\u00fcnde kann das russische Raketen-U-Boot U 461 besichtigt werden. Es ist das gr\u00f6\u00dfte U-Boot mit konventionellem Antrieb, welches jemals gebaut wurde. Es wartet zudem das <a href=\"http:\/\/www.peenemuende-info.de\/u-boot.html\">Maritim Museum Peenem\u00fcnde<\/a>. Von hier aus gelangen sie mit der <a href=\"https:\/\/www.schifffahrt-apollo.de\/\">F\u00e4hre nach Freest<\/a> oder mit dem <a href=\"https:\/\/www.adler-schiffe.de\/ab-usedom\/\">Ausflugsschiff<\/a> zur Insel R\u00fcgen und den Kreidefelsen.<\/p>\n<\/div><\/div>\n\n\n\n<p><\/p>\n\n\n\n<hr class=\"wp-block-separator has-alpha-channel-opacity\"\/>\n\n\n\n<p>Touristische Zentren der Insel Usedom sind die Seeb\u00e4der Zinnowitz, Koserow, Loddin, \u00dcckeritz und Zempin, im Osten die Kaiserb\u00e4der Bansin, Heringsdorf, Ahlbeck und Swinem\u00fcnde, die mit ihren Promenaden und Seebr\u00fccken zum Bummeln und Verweilen einladen. Einen Besuch wert ist auch die <a href=\"http:\/\/www.sandskulpturen-usedom.de\/de\/\">Sandskulpturenausstellung<\/a> in Heringsdorf.  <\/p>\n\n\n\n<hr class=\"wp-block-separator has-alpha-channel-opacity\"\/>\n\n\n\n<figure class=\"wp-block-gallery has-nested-images columns-default is-cropped wp-block-gallery-4 is-layout-flex wp-block-gallery-is-layout-flex\">\n<figure class=\"wp-block-image size-large\"><img loading=\"lazy\" decoding=\"async\" width=\"1024\" height=\"469\" data-id=\"1295\" src=\"https:\/\/ostseeurlaub-in-karlshagen.de\/wp-content\/uploads\/2021\/07\/20210721_134723-1024x469.jpg\" alt=\"\" class=\"wp-image-1295\" srcset=\"https:\/\/ostseeurlaub-in-karlshagen.de\/wp-content\/uploads\/2021\/07\/20210721_134723-1024x469.jpg 1024w, https:\/\/ostseeurlaub-in-karlshagen.de\/wp-content\/uploads\/2021\/07\/20210721_134723-300x137.jpg 300w, https:\/\/ostseeurlaub-in-karlshagen.de\/wp-content\/uploads\/2021\/07\/20210721_134723-768x352.jpg 768w, https:\/\/ostseeurlaub-in-karlshagen.de\/wp-content\/uploads\/2021\/07\/20210721_134723-1536x704.jpg 1536w, https:\/\/ostseeurlaub-in-karlshagen.de\/wp-content\/uploads\/2021\/07\/20210721_134723-2048x938.jpg 2048w, https:\/\/ostseeurlaub-in-karlshagen.de\/wp-content\/uploads\/2021\/07\/20210721_134723-1600x733.jpg 1600w\" sizes=\"auto, (max-width: 1024px) 100vw, 1024px\" \/><\/figure>\n<figcaption class=\"blocks-gallery-caption wp-element-caption\">Tagesauslug von Peenem\u00fcnde aus zu den Kreidefelsen der Insel R\u00fcgen<\/figcaption><\/figure>\n\n\n\n<p><\/p>\n\n\n\n<hr class=\"wp-block-separator has-alpha-channel-opacity\"\/>\n\n\n\n<p>F\u00fcr&nbsp;Theaterfreunde gibt es die <a href=\"https:\/\/vorpommersche-landesbuehne.de\/vineta-festspiele\/\">Vineta-Festspiele<\/a>, die Usedomer Hafenfestspiele, das Theaterzelt <a href=\"https:\/\/vorpommersche-landesbuehne.de\/chronik\/chapeau-rouge\/\">Chapeau Rouge<\/a> in Anklam oder das Gelbe Theater \u201e<a href=\"https:\/\/vorpommersche-landesbuehne.de\/ort\/die-blechbuechse\/\">Die Blechb\u00fcchse<\/a>\u201c in Zinnowitz. Weitere Infos auch auf der Seite <a rel=\"noreferrer noopener\" href=\"http:\/\/www.usedom.de\/themen\/genuss-kultur\/musik-theater\/theater.html\" target=\"_blank\">Theater auf Usedom<\/a>. <\/p>\n\n\n\n<figure class=\"wp-block-gallery has-nested-images columns-default is-cropped wp-block-gallery-5 is-layout-flex wp-block-gallery-is-layout-flex\">\n<figure class=\"wp-block-image size-large\"><img loading=\"lazy\" decoding=\"async\" width=\"533\" height=\"800\" data-id=\"435\" src=\"https:\/\/ostseeurlaub-in-karlshagen.de\/wp-content\/uploads\/2020\/03\/IMG_2501-533x800-1.jpg\" alt=\"\" class=\"wp-image-435\" srcset=\"https:\/\/ostseeurlaub-in-karlshagen.de\/wp-content\/uploads\/2020\/03\/IMG_2501-533x800-1.jpg 533w, https:\/\/ostseeurlaub-in-karlshagen.de\/wp-content\/uploads\/2020\/03\/IMG_2501-533x800-1-200x300.jpg 200w\" sizes=\"auto, (max-width: 533px) 100vw, 533px\" \/><figcaption class=\"wp-element-caption\">Unterwasser-Glocke Zinnowitz<\/figcaption><\/figure>\n\n\n\n<figure class=\"wp-block-image size-large\"><img loading=\"lazy\" decoding=\"async\" width=\"533\" height=\"800\" data-id=\"410\" src=\"https:\/\/ostseeurlaub-in-karlshagen.de\/wp-content\/uploads\/2020\/03\/IMG_3173-Kopie-533x800-2.jpg\" alt=\"\" class=\"wp-image-410\" srcset=\"https:\/\/ostseeurlaub-in-karlshagen.de\/wp-content\/uploads\/2020\/03\/IMG_3173-Kopie-533x800-2.jpg 533w, https:\/\/ostseeurlaub-in-karlshagen.de\/wp-content\/uploads\/2020\/03\/IMG_3173-Kopie-533x800-2-200x300.jpg 200w\" sizes=\"auto, (max-width: 533px) 100vw, 533px\" \/><figcaption class=\"wp-element-caption\">Sandskulpturenausstellung in Heringsdorf<\/figcaption><\/figure>\n\n\n\n<figure class=\"wp-block-image size-large\"><img loading=\"lazy\" decoding=\"async\" width=\"533\" height=\"800\" data-id=\"411\" src=\"https:\/\/ostseeurlaub-in-karlshagen.de\/wp-content\/uploads\/2020\/03\/IMG_3183-533x800-1.jpg\" alt=\"\" class=\"wp-image-411\" srcset=\"https:\/\/ostseeurlaub-in-karlshagen.de\/wp-content\/uploads\/2020\/03\/IMG_3183-533x800-1.jpg 533w, https:\/\/ostseeurlaub-in-karlshagen.de\/wp-content\/uploads\/2020\/03\/IMG_3183-533x800-1-200x300.jpg 200w\" sizes=\"auto, (max-width: 533px) 100vw, 533px\" \/><figcaption class=\"wp-element-caption\">Promenadenuhr von Ahlbeck<\/figcaption><\/figure>\n<\/figure>\n\n\n\n<hr class=\"wp-block-separator has-alpha-channel-opacity\"\/>\n\n\n\n<p>Weitere Informationen auf der <a href=\"http:\/\/karlshagen.de\">offiziellen Seite<\/a> von Karlshagen.<\/p>\n\n\n\n<figure class=\"wp-block-embed aligncenter is-type-video is-provider-youtube wp-block-embed-youtube wp-embed-aspect-16-9 wp-has-aspect-ratio\"><div class=\"wp-block-embed__wrapper\">\n<iframe loading=\"lazy\" title=\"Mit der Kinderkurdirektorin durchs Ostseebad Karlshagen\" width=\"688\" height=\"387\" src=\"https:\/\/www.youtube.com\/embed\/VmvryaBxa90?list=PL0yj1d51w0ViwhO4yp9ucbt8VEveb3hOv\" frameborder=\"0\" allow=\"accelerometer; autoplay; clipboard-write; encrypted-media; gyroscope; picture-in-picture; web-share\" referrerpolicy=\"strict-origin-when-cross-origin\" allowfullscreen><\/iframe>\n<\/div><figcaption class=\"wp-element-caption\">Quelle: www.karlshagen.de<\/figcaption><\/figure>\n","protected":false},"excerpt":{"rendered":"<p>Karlshagen bietet neben Strandurlaub und Erholung das ganze Jahr \u00fcber Kunst, Kultur &amp; Sport. Ob zu Fu\u00df, mit dem Fahrrad&hellip;<\/p>\n","protected":false},"author":1,"featured_media":0,"parent":0,"menu_order":0,"comment_status":"closed","ping_status":"closed","template":"","meta":{"footnotes":""},"class_list":["post-94","page","type-page","status-publish","hentry"],"_links":{"self":[{"href":"https:\/\/ostseeurlaub-in-karlshagen.de\/index.php\/wp-json\/wp\/v2\/pages\/94","targetHints":{"allow":["GET"]}}],"collection":[{"href":"https:\/\/ostseeurlaub-in-karlshagen.de\/index.php\/wp-json\/wp\/v2\/pages"}],"about":[{"href":"https:\/\/ostseeurlaub-in-karlshagen.de\/index.php\/wp-json\/wp\/v2\/types\/page"}],"author":[{"embeddable":true,"href":"https:\/\/ostseeurlaub-in-karlshagen.de\/index.php\/wp-json\/wp\/v2\/users\/1"}],"replies":[{"embeddable":true,"href":"https:\/\/ostseeurlaub-in-karlshagen.de\/index.php\/wp-json\/wp\/v2\/comments?post=94"}],"version-history":[{"count":138,"href":"https:\/\/ostseeurlaub-in-karlshagen.de\/index.php\/wp-json\/wp\/v2\/pages\/94\/revisions"}],"predecessor-version":[{"id":2206,"href":"https:\/\/ostseeurlaub-in-karlshagen.de\/index.php\/wp-json\/wp\/v2\/pages\/94\/revisions\/2206"}],"wp:attachment":[{"href":"https:\/\/ostseeurlaub-in-karlshagen.de\/index.php\/wp-json\/wp\/v2\/media?parent=94"}],"curies":[{"name":"wp","href":"https:\/\/api.w.org\/{rel}","templated":true}]}}